{"id":30,"date":"2024-02-23T10:35:19","date_gmt":"2024-02-23T10:35:19","guid":{"rendered":"https:\/\/vakarulanka.lt\/?page_id=30"},"modified":"2024-07-05T06:55:18","modified_gmt":"2024-07-05T06:55:18","slug":"kontaktai","status":"publish","type":"page","link":"https:\/\/vakarulanka.lt\/index.php\/kontaktai\/","title":{"rendered":"KONTAKTAI"},"content":{"rendered":"\n<div class=\"wp-block-cover alignfull is-light has-parallax\" style=\"border-style:none;border-width:0px;border-radius:0px;min-height:50px;aspect-ratio:unset;\"><span aria-hidden=\"true\" class=\"wp-block-cover__background has-ast-global-color-0-background-color has-background-dim-0 has-background-dim\"><\/span><div class=\"wp-block-cover__image-background wp-image-569 has-parallax\" style=\"background-position:50% 50%;background-image:url(https:\/\/vakarulanka.lt\/wp-content\/uploads\/2024\/02\/Untitled_Artwork-3.jpg)\"><\/div><div class=\"wp-block-cover__inner-container is-layout-constrained wp-block-cover-is-layout-constrained\"><h2 class=\"wp-block-post-title\">KONTAKTAI<\/h2><\/div><\/div>\n\n\n\n<div class=\"wp-block-columns is-layout-flex wp-container-core-columns-is-layout-28f84493 wp-block-columns-is-layout-flex\">\n<div class=\"wp-block-column is-layout-flow wp-block-column-is-layout-flow\">\n<h2 class=\"wp-block-heading has-ast-global-color-0-color has-text-color has-link-color wp-elements-ed8fc58da9869ff5140270ed8af183d3\">Direktor\u0117<\/h2>\n\n\n\n<p class=\"has-black-color has-text-color has-link-color has-medium-font-size wp-elements-c9521ddb01799a7949c0fd298c0e24b5\"><strong>Giedr\u0117 \u017digut\u0117<\/strong><br><i class=\"fas fa-phone\"><\/i> +370 673 05644<br> <a href=\"mailto:info@vakarulanka.lt\"><i class=\"fas fa-envelope\"><\/i> info@vakarulanka.lt<\/a><\/p>\n\n\n\n<h2 class=\"wp-block-heading has-ast-global-color-0-color has-text-color has-link-color wp-elements-3bdcd5507a984e07d8d8a21c56562022\">Rekvizitai<\/h2>\n\n\n\n<p class=\"has-black-color has-text-color has-link-color has-medium-font-size wp-elements-809cda4699df1bc330d807b4f1a3befa\"><strong>MB &#8220;Lanka&#8221;<\/strong><br> <i class=\"fas fa-compass\"><\/i> Sod\u0173 g. 2, Padvari\u0173 k., LT-97100 Kretingos r.<br>Juridinio asmens kodas\u00a0306679657<br>PVM mok\u0117tojo kodas LT100016677017<\/p>\n\n\n\n<p class=\"has-ast-global-color-0-color has-text-color has-link-color wp-elements-3e7c30bff70ce7c0051c885ac4f6cf42\"><strong>Sekite naujienas:<\/strong><\/p>\n\n\n\n<ul class=\"wp-block-social-links is-layout-flex wp-block-social-links-is-layout-flex\"><li class=\"wp-social-link wp-social-link-facebook  wp-block-social-link\"><a href=\"https:\/\/www.facebook.com\/profile.php?id=61556601372451\" class=\"wp-block-social-link-anchor\"><svg width=\"24\" height=\"24\" viewBox=\"0 0 24 24\" version=\"1.1\" xmlns=\"http:\/\/www.w3.org\/2000\/svg\" aria-hidden=\"true\" focusable=\"false\"><path d=\"M12 2C6.5 2 2 6.5 2 12c0 5 3.7 9.1 8.4 9.9v-7H7.9V12h2.5V9.8c0-2.5 1.5-3.9 3.8-3.9 1.1 0 2.2.2 2.2.2v2.5h-1.3c-1.2 0-1.6.8-1.6 1.6V12h2.8l-.4 2.9h-2.3v7C18.3 21.1 22 17 22 12c0-5.5-4.5-10-10-10z\"><\/path><\/svg><span class=\"wp-block-social-link-label screen-reader-text\">Facebook<\/span><\/a><\/li><\/ul>\n<\/div>\n\n\n\n<div class=\"wp-block-column is-layout-flow wp-block-column-is-layout-flow\"><style id=\"wpforms-css-vars-75-block-fbb644ae-4a08-4810-9b4b-7a2307a16132\">\n\t\t\t\t#wpforms-75.wpforms-block-fbb644ae-4a08-4810-9b4b-7a2307a16132 {\n\t\t\t\t--wpforms-button-background-color: var(--ast-global-color-0);\n--wpforms-field-size-input-height: 43px;\n--wpforms-field-size-input-spacing: 15px;\n--wpforms-field-size-font-size: 16px;\n--wpforms-field-size-line-height: 19px;\n--wpforms-field-size-padding-h: 14px;\n--wpforms-field-size-checkbox-size: 16px;\n--wpforms-field-size-sublabel-spacing: 5px;\n--wpforms-field-size-icon-size: 1;\n--wpforms-label-size-font-size: 16px;\n--wpforms-label-size-line-height: 19px;\n--wpforms-label-size-sublabel-font-size: 14px;\n--wpforms-label-size-sublabel-line-height: 17px;\n--wpforms-button-size-font-size: 17px;\n--wpforms-button-size-height: 41px;\n--wpforms-button-size-padding-h: 15px;\n--wpforms-button-size-margin-top: 10px;\n\t\t\t}\n\t\t\t<\/style><div class=\"wpforms-container wpforms-container-full wpforms-block wpforms-block-fbb644ae-4a08-4810-9b4b-7a2307a16132 wpforms-render-modern\" id=\"wpforms-75\"><form id=\"wpforms-form-75\" class=\"wpforms-validate wpforms-form wpforms-ajax-form\" data-formid=\"75\" method=\"post\" enctype=\"multipart\/form-data\" action=\"\/index.php\/wp-json\/wp\/v2\/pages\/30\" data-token=\"95563f023f73291502d200e3096f2ac4\" data-token-time=\"1778022225\"><noscript class=\"wpforms-error-noscript\">Please enable JavaScript in your browser to complete this form.<\/noscript><div id=\"wpforms-error-noscript\" style=\"display: none;\">Please enable JavaScript in your browser to complete this form.<\/div><div class=\"wpforms-field-container\"><div id=\"wpforms-75-field_1-container\" class=\"wpforms-field wpforms-field-name\" data-field-id=\"1\"><label class=\"wpforms-field-label\" for=\"wpforms-75-field_1\">Vardas <span class=\"wpforms-required-label\" aria-hidden=\"true\">*<\/span><\/label><input type=\"text\" id=\"wpforms-75-field_1\" class=\"wpforms-field-large wpforms-field-required\" name=\"wpforms[fields][1]\" aria-errormessage=\"wpforms-75-field_1-error\" required><\/div><div id=\"wpforms-75-field_2-container\" class=\"wpforms-field wpforms-field-email\" data-field-id=\"2\"><label class=\"wpforms-field-label\" for=\"wpforms-75-field_2\">El.pa\u0161tas <span class=\"wpforms-required-label\" aria-hidden=\"true\">*<\/span><\/label><input type=\"email\" id=\"wpforms-75-field_2\" class=\"wpforms-field-large wpforms-field-required\" name=\"wpforms[fields][2]\" spellcheck=\"false\" aria-errormessage=\"wpforms-75-field_2-error\" required><\/div><div id=\"wpforms-75-field_3-container\" class=\"wpforms-field wpforms-field-text\" data-field-id=\"3\"><label class=\"wpforms-field-label\" for=\"wpforms-75-field_3\">Telefono numeris<\/label><input type=\"text\" id=\"wpforms-75-field_3\" class=\"wpforms-field-large\" name=\"wpforms[fields][3]\" aria-errormessage=\"wpforms-75-field_3-error\" ><\/div><div id=\"wpforms-75-field_4-container\" class=\"wpforms-field wpforms-field-textarea\" data-field-id=\"4\"><label class=\"wpforms-field-label\" for=\"wpforms-75-field_4\">J\u016bs\u0173 \u017einut\u0117: <span class=\"wpforms-required-label\" aria-hidden=\"true\">*<\/span><\/label><textarea id=\"wpforms-75-field_4\" class=\"wpforms-field-medium wpforms-field-required\" name=\"wpforms[fields][4]\" aria-errormessage=\"wpforms-75-field_4-error\" required><\/textarea><\/div><\/div><!-- .wpforms-field-container --><div class=\"wpforms-submit-container\" ><input type=\"hidden\" name=\"wpforms[id]\" value=\"75\"><input type=\"hidden\" name=\"page_title\" value=\"\"><input type=\"hidden\" name=\"page_url\" value=\"https:\/\/vakarulanka.lt\/index.php\/wp-json\/wp\/v2\/pages\/30\"><input type=\"hidden\" name=\"url_referer\" value=\"\"><button type=\"submit\" name=\"wpforms[submit]\" id=\"wpforms-submit-75\" class=\"wpforms-submit\" data-alt-text=\"Siun\u010diama...\" data-submit-text=\"Si\u0173sti\" aria-live=\"assertive\" value=\"wpforms-submit\">Si\u0173sti<\/button><img loading=\"lazy\" decoding=\"async\" src=\"https:\/\/vakarulanka.lt\/wp-content\/plugins\/wpforms-lite\/assets\/images\/submit-spin.svg\" class=\"wpforms-submit-spinner\" style=\"display: none;\" width=\"26\" height=\"26\" alt=\"Loading\"><\/div><\/form><\/div>  <!-- .wpforms-container --><\/div>\n<\/div>\n\n\n\n<iframe src=\"https:\/\/www.google.com\/maps\/embed?pb=!1m14!1m8!1m3!1d338.58670699412585!2d21.25154310727867!3d55.90188671751531!3m2!1i1024!2i768!4f13.1!3m3!1m2!1s0x46e525025c803c23%3A0x5bee85653f063f7!2sMB%2C%20LANKA!5e1!3m2!1slt!2slt!4v1708886940218!5m2!1slt!2slt\" width=\"1300\" height=\"400\" style=\"border:0;\" allowfullscreen=\"\" loading=\"lazy\" referrerpolicy=\"no-referrer-when-downgrade\"><\/iframe>\n","protected":false},"excerpt":{"rendered":"<p>Direktor\u0117 Giedr\u0117 \u017digut\u0117 +370 673 05644 info@vakarulanka.lt Rekvizitai MB &#8220;Lanka&#8221; Sod\u0173 g. 2, Padvari\u0173 k., LT-97100 Kretingos r.Juridinio asmens kodas\u00a0306679657PVM [&hellip;]<\/p>\n","protected":false},"author":1,"featured_media":0,"parent":0,"menu_order":0,"comment_status":"closed","ping_status":"closed","template":"","meta":{"site-sidebar-layout":"default","site-content-layout":"","ast-site-content-layout":"default","site-content-style":"default","site-sidebar-style":"default","ast-global-header-display":"","ast-banner-title-visibility":"","ast-main-header-display":"","ast-hfb-above-header-display":"","ast-hfb-below-header-display":"","ast-hfb-mobile-header-display":"","site-post-title":"disabled","ast-breadcrumbs-content":"","ast-featured-img":"","footer-sml-layout":"","ast-disable-related-posts":"","theme-transparent-header-meta":"","adv-header-id-meta":"","stick-header-meta":"","header-above-stick-meta":"","header-main-stick-meta":"","header-below-stick-meta":"","astra-migrate-meta-layouts":"default","ast-page-background-enabled":"default","ast-page-background-meta":{"desktop":{"background-color":"var(--ast-global-color-4)","background-image":"","background-repeat":"repeat","background-position":"center center","background-size":"auto","background-attachment":"scroll","background-type":"","background-media":"","overlay-type":"","overlay-color":"","overlay-opacity":"","overlay-gradient":""},"tablet":{"background-color":"","background-image":"","background-repeat":"repeat","background-position":"center center","background-size":"auto","background-attachment":"scroll","background-type":"","background-media":"","overlay-type":"","overlay-color":"","overlay-opacity":"","overlay-gradient":""},"mobile":{"background-color":"","background-image":"","background-repeat":"repeat","background-position":"center center","background-size":"auto","background-attachment":"scroll","background-type":"","background-media":"","overlay-type":"","overlay-color":"","overlay-opacity":"","overlay-gradient":""}},"ast-content-background-meta":{"desktop":{"background-color":"var(--ast-global-color-5)","background-image":"","background-repeat":"repeat","background-position":"center center","background-size":"auto","background-attachment":"scroll","background-type":"","background-media":"","overlay-type":"","overlay-color":"","overlay-opacity":"","overlay-gradient":""},"tablet":{"background-color":"var(--ast-global-color-5)","background-image":"","background-repeat":"repeat","background-position":"center center","background-size":"auto","background-attachment":"scroll","background-type":"","background-media":"","overlay-type":"","overlay-color":"","overlay-opacity":"","overlay-gradient":""},"mobile":{"background-color":"var(--ast-global-color-5)","background-image":"","background-repeat":"repeat","background-position":"center center","background-size":"auto","background-attachment":"scroll","background-type":"","background-media":"","overlay-type":"","overlay-color":"","overlay-opacity":"","overlay-gradient":""}},"footnotes":""},"class_list":["post-30","page","type-page","status-publish","hentry"],"yoast_head":"<!-- This site is optimized with the Yoast SEO plugin v22.6 - https:\/\/yoast.com\/wordpress\/plugins\/seo\/ -->\n<title>KONTAKTAI -<\/title>\n<meta name=\"robots\" content=\"index, follow, max-snippet:-1, max-image-preview:large, max-video-preview:-1\" \/>\n<link rel=\"canonical\" href=\"https:\/\/vakarulanka.lt\/index.php\/kontaktai\/\" \/>\n<meta property=\"og:locale\" content=\"en_US\" \/>\n<meta property=\"og:type\" content=\"article\" \/>\n<meta property=\"og:title\" content=\"KONTAKTAI -\" \/>\n<meta property=\"og:description\" content=\"Direktor\u0117 Giedr\u0117 \u017digut\u0117 +370 673 05644 info@vakarulanka.lt Rekvizitai MB &#8220;Lanka&#8221; Sod\u0173 g. 2, Padvari\u0173 k., LT-97100 Kretingos r.Juridinio asmens kodas\u00a0306679657PVM [&hellip;]\" \/>\n<meta property=\"og:url\" content=\"https:\/\/vakarulanka.lt\/index.php\/kontaktai\/\" \/>\n<meta property=\"article:modified_time\" content=\"2024-07-05T06:55:18+00:00\" \/>\n<meta name=\"twitter:card\" content=\"summary_large_image\" \/>\n<meta name=\"twitter:label1\" content=\"Est. reading time\" \/>\n\t<meta name=\"twitter:data1\" content=\"1 minute\" \/>\n<script type=\"application\/ld+json\" class=\"yoast-schema-graph\">{\"@context\":\"https:\/\/schema.org\",\"@graph\":[{\"@type\":\"WebPage\",\"@id\":\"https:\/\/vakarulanka.lt\/index.php\/kontaktai\/\",\"url\":\"https:\/\/vakarulanka.lt\/index.php\/kontaktai\/\",\"name\":\"KONTAKTAI -\",\"isPartOf\":{\"@id\":\"https:\/\/vakarulanka.lt\/#website\"},\"datePublished\":\"2024-02-23T10:35:19+00:00\",\"dateModified\":\"2024-07-05T06:55:18+00:00\",\"breadcrumb\":{\"@id\":\"https:\/\/vakarulanka.lt\/index.php\/kontaktai\/#breadcrumb\"},\"inLanguage\":\"en-US\",\"potentialAction\":[{\"@type\":\"ReadAction\",\"target\":[\"https:\/\/vakarulanka.lt\/index.php\/kontaktai\/\"]}]},{\"@type\":\"BreadcrumbList\",\"@id\":\"https:\/\/vakarulanka.lt\/index.php\/kontaktai\/#breadcrumb\",\"itemListElement\":[{\"@type\":\"ListItem\",\"position\":1,\"name\":\"Home\",\"item\":\"https:\/\/vakarulanka.lt\/\"},{\"@type\":\"ListItem\",\"position\":2,\"name\":\"KONTAKTAI\"}]},{\"@type\":\"WebSite\",\"@id\":\"https:\/\/vakarulanka.lt\/#website\",\"url\":\"https:\/\/vakarulanka.lt\/\",\"name\":\"vakarulanka.lt\",\"description\":\"\",\"publisher\":{\"@id\":\"https:\/\/vakarulanka.lt\/#organization\"},\"potentialAction\":[{\"@type\":\"SearchAction\",\"target\":{\"@type\":\"EntryPoint\",\"urlTemplate\":\"https:\/\/vakarulanka.lt\/?s={search_term_string}\"},\"query-input\":\"required name=search_term_string\"}],\"inLanguage\":\"en-US\"},{\"@type\":\"Organization\",\"@id\":\"https:\/\/vakarulanka.lt\/#organization\",\"name\":\"MB Lanka\",\"url\":\"https:\/\/vakarulanka.lt\/\",\"logo\":{\"@type\":\"ImageObject\",\"inLanguage\":\"en-US\",\"@id\":\"https:\/\/vakarulanka.lt\/#\/schema\/logo\/image\/\",\"url\":\"https:\/\/vakarulanka.lt\/wp-content\/uploads\/2024\/02\/lanka-logo-2.png\",\"contentUrl\":\"https:\/\/vakarulanka.lt\/wp-content\/uploads\/2024\/02\/lanka-logo-2.png\",\"width\":865,\"height\":286,\"caption\":\"MB Lanka\"},\"image\":{\"@id\":\"https:\/\/vakarulanka.lt\/#\/schema\/logo\/image\/\"}}]}<\/script>\n<!-- \/ Yoast SEO plugin. -->","yoast_head_json":{"title":"KONTAKTAI -","robots":{"index":"index","follow":"follow","max-snippet":"max-snippet:-1","max-image-preview":"max-image-preview:large","max-video-preview":"max-video-preview:-1"},"canonical":"https:\/\/vakarulanka.lt\/index.php\/kontaktai\/","og_locale":"en_US","og_type":"article","og_title":"KONTAKTAI -","og_description":"Direktor\u0117 Giedr\u0117 \u017digut\u0117 +370 673 05644 info@vakarulanka.lt Rekvizitai MB &#8220;Lanka&#8221; Sod\u0173 g. 2, Padvari\u0173 k., LT-97100 Kretingos r.Juridinio asmens kodas\u00a0306679657PVM [&hellip;]","og_url":"https:\/\/vakarulanka.lt\/index.php\/kontaktai\/","article_modified_time":"2024-07-05T06:55:18+00:00","twitter_card":"summary_large_image","twitter_misc":{"Est. reading time":"1 minute"},"schema":{"@context":"https:\/\/schema.org","@graph":[{"@type":"WebPage","@id":"https:\/\/vakarulanka.lt\/index.php\/kontaktai\/","url":"https:\/\/vakarulanka.lt\/index.php\/kontaktai\/","name":"KONTAKTAI -","isPartOf":{"@id":"https:\/\/vakarulanka.lt\/#website"},"datePublished":"2024-02-23T10:35:19+00:00","dateModified":"2024-07-05T06:55:18+00:00","breadcrumb":{"@id":"https:\/\/vakarulanka.lt\/index.php\/kontaktai\/#breadcrumb"},"inLanguage":"en-US","potentialAction":[{"@type":"ReadAction","target":["https:\/\/vakarulanka.lt\/index.php\/kontaktai\/"]}]},{"@type":"BreadcrumbList","@id":"https:\/\/vakarulanka.lt\/index.php\/kontaktai\/#breadcrumb","itemListElement":[{"@type":"ListItem","position":1,"name":"Home","item":"https:\/\/vakarulanka.lt\/"},{"@type":"ListItem","position":2,"name":"KONTAKTAI"}]},{"@type":"WebSite","@id":"https:\/\/vakarulanka.lt\/#website","url":"https:\/\/vakarulanka.lt\/","name":"vakarulanka.lt","description":"","publisher":{"@id":"https:\/\/vakarulanka.lt\/#organization"},"potentialAction":[{"@type":"SearchAction","target":{"@type":"EntryPoint","urlTemplate":"https:\/\/vakarulanka.lt\/?s={search_term_string}"},"query-input":"required name=search_term_string"}],"inLanguage":"en-US"},{"@type":"Organization","@id":"https:\/\/vakarulanka.lt\/#organization","name":"MB Lanka","url":"https:\/\/vakarulanka.lt\/","logo":{"@type":"ImageObject","inLanguage":"en-US","@id":"https:\/\/vakarulanka.lt\/#\/schema\/logo\/image\/","url":"https:\/\/vakarulanka.lt\/wp-content\/uploads\/2024\/02\/lanka-logo-2.png","contentUrl":"https:\/\/vakarulanka.lt\/wp-content\/uploads\/2024\/02\/lanka-logo-2.png","width":865,"height":286,"caption":"MB Lanka"},"image":{"@id":"https:\/\/vakarulanka.lt\/#\/schema\/logo\/image\/"}}]}},"_links":{"self":[{"href":"https:\/\/vakarulanka.lt\/index.php\/wp-json\/wp\/v2\/pages\/30","targetHints":{"allow":["GET"]}}],"collection":[{"href":"https:\/\/vakarulanka.lt\/index.php\/wp-json\/wp\/v2\/pages"}],"about":[{"href":"https:\/\/vakarulanka.lt\/index.php\/wp-json\/wp\/v2\/types\/page"}],"author":[{"embeddable":true,"href":"https:\/\/vakarulanka.lt\/index.php\/wp-json\/wp\/v2\/users\/1"}],"replies":[{"embeddable":true,"href":"https:\/\/vakarulanka.lt\/index.php\/wp-json\/wp\/v2\/comments?post=30"}],"version-history":[{"count":32,"href":"https:\/\/vakarulanka.lt\/index.php\/wp-json\/wp\/v2\/pages\/30\/revisions"}],"predecessor-version":[{"id":803,"href":"https:\/\/vakarulanka.lt\/index.php\/wp-json\/wp\/v2\/pages\/30\/revisions\/803"}],"wp:attachment":[{"href":"https:\/\/vakarulanka.lt\/index.php\/wp-json\/wp\/v2\/media?parent=30"}],"curies":[{"name":"wp","href":"https:\/\/api.w.org\/{rel}","templated":true}]}}