{"id":23,"date":"2024-02-23T10:33:31","date_gmt":"2024-02-23T10:33:31","guid":{"rendered":"https:\/\/vakarulanka.lt\/?page_id=23"},"modified":"2024-02-25T17:59:36","modified_gmt":"2024-02-25T17:59:36","slug":"produkcija","status":"publish","type":"page","link":"https:\/\/vakarulanka.lt\/index.php\/produkcija\/","title":{"rendered":"PRODUKCIJA"},"content":{"rendered":"\n<div class=\"wp-block-cover alignfull is-light has-parallax\" style=\"min-height:50px;aspect-ratio:unset;\"><span aria-hidden=\"true\" class=\"wp-block-cover__background has-ast-global-color-0-background-color has-background-dim-0 has-background-dim\"><\/span><div role=\"img\" class=\"wp-block-cover__image-background wp-image-608 has-parallax\" style=\"background-position:50% 50%;background-image:url(https:\/\/vakarulanka.lt\/wp-content\/uploads\/2024\/02\/Untitled_Artwork-3-17.jpg)\"><\/div><div class=\"wp-block-cover__inner-container is-layout-constrained wp-block-cover-is-layout-constrained\"><h2 class=\"wp-block-post-title\">PRODUKCIJA<\/h2><\/div><\/div>\n\n\n\n<p><\/p>\n\n\n\n<h2 class=\"wp-block-heading\"><strong>M\u016aS\u0172 SI\u016aLOMA PRODUKCIJA<\/strong><\/h2>\n\n\n\n<div class=\"wp-block-columns is-layout-flex wp-container-core-columns-is-layout-28f84493 wp-block-columns-is-layout-flex\">\n<div class=\"wp-block-column is-layout-flow wp-block-column-is-layout-flow\">\n<div class=\"wp-block-media-text is-stacked-on-mobile\"><figure class=\"wp-block-media-text__media\"><a href=\"https:\/\/vakarulanka.lt\/index.php\/cerpiniai-profiliai\/\"><img loading=\"lazy\" decoding=\"async\" width=\"410\" height=\"334\" src=\"https:\/\/vakarulanka.lt\/wp-content\/uploads\/2024\/02\/Screenshot-2024-02-24-at-18.58.46.png\" alt=\"\" class=\"wp-image-301 size-full\"\/><\/a><\/figure><div class=\"wp-block-media-text__content\">\n<p><strong><a href=\"https:\/\/vakarulanka.lt\/index.php\/cerpiniai-profiliai\/\">\u010cERPINIAI PROFILIAI<\/a><\/strong><\/p>\n\n\n\n<div class=\"wp-block-buttons is-layout-flex wp-block-buttons-is-layout-flex\">\n<div class=\"wp-block-button\"><a class=\"wp-block-button__link wp-element-button\" href=\"https:\/\/vakarulanka.lt\/index.php\/cerpiniai-profiliai\/\">DAUGIAU<\/a><\/div>\n<\/div>\n<\/div><\/div>\n<\/div>\n\n\n\n<div class=\"wp-block-column is-layout-flow wp-block-column-is-layout-flow\">\n<div class=\"wp-block-media-text is-stacked-on-mobile\"><figure class=\"wp-block-media-text__media\"><a href=\"https:\/\/vakarulanka.lt\/index.php\/trapeciniai-profiliai\/\"><img loading=\"lazy\" decoding=\"async\" width=\"412\" height=\"334\" src=\"https:\/\/vakarulanka.lt\/wp-content\/uploads\/2024\/02\/Screenshot-2024-02-24-at-18.59.00.png\" alt=\"\" class=\"wp-image-302 size-full\"\/><\/a><\/figure><div class=\"wp-block-media-text__content\">\n<p><strong><a href=\"https:\/\/vakarulanka.lt\/index.php\/trapeciniai-profiliai\/\">TRAPECINIAI PROFILIAI<\/a><\/strong><\/p>\n\n\n\n<div class=\"wp-block-buttons is-layout-flex wp-block-buttons-is-layout-flex\">\n<div class=\"wp-block-button\"><a class=\"wp-block-button__link wp-element-button\" href=\"https:\/\/vakarulanka.lt\/index.php\/trapeciniai-profiliai\/\">DAUGIAU<\/a><\/div>\n<\/div>\n<\/div><\/div>\n<\/div>\n\n\n\n<div class=\"wp-block-column is-layout-flow wp-block-column-is-layout-flow\">\n<div class=\"wp-block-media-text is-stacked-on-mobile\"><figure class=\"wp-block-media-text__media\"><a href=\"https:\/\/vakarulanka.lt\/index.php\/sinusiniai-profiliai\/\"><img loading=\"lazy\" decoding=\"async\" width=\"410\" height=\"334\" src=\"https:\/\/vakarulanka.lt\/wp-content\/uploads\/2024\/02\/Screenshot-2024-02-24-at-18.59.07.png\" alt=\"\" class=\"wp-image-303 size-full\"\/><\/a><\/figure><div class=\"wp-block-media-text__content\">\n<p><strong><a href=\"https:\/\/vakarulanka.lt\/index.php\/sinusiniai-profiliai\/\">SINUSINIAI PROFILIAI<\/a><\/strong><\/p>\n\n\n\n<div class=\"wp-block-buttons is-layout-flex wp-block-buttons-is-layout-flex\">\n<div class=\"wp-block-button\"><a class=\"wp-block-button__link wp-element-button\" href=\"https:\/\/vakarulanka.lt\/index.php\/sinusiniai-profiliai\/\">DAUGIAU<\/a><\/div>\n<\/div>\n<\/div><\/div>\n<\/div>\n<\/div>\n\n\n\n<div class=\"wp-block-columns is-layout-flex wp-container-core-columns-is-layout-28f84493 wp-block-columns-is-layout-flex\">\n<div class=\"wp-block-column is-layout-flow wp-block-column-is-layout-flow\">\n<div class=\"wp-block-media-text is-stacked-on-mobile\"><figure class=\"wp-block-media-text__media\"><a href=\"https:\/\/vakarulanka.lt\/index.php\/valcuoti-lakstai-klasika\/\"><img loading=\"lazy\" decoding=\"async\" width=\"430\" height=\"352\" src=\"https:\/\/vakarulanka.lt\/wp-content\/uploads\/2024\/02\/Screenshot-2024-02-24-at-19.01.30.png\" alt=\"\" class=\"wp-image-305 size-full\"\/><\/a><\/figure><div class=\"wp-block-media-text__content\">\n<p><strong><a href=\"https:\/\/vakarulanka.lt\/index.php\/valcuoti-lakstai-klasika\/\">VALCUOTI LAK\u0160TAI \u201eKLASIKA\u201c<\/a><\/strong><\/p>\n\n\n\n<div class=\"wp-block-buttons is-layout-flex wp-block-buttons-is-layout-flex\">\n<div class=\"wp-block-button\"><a class=\"wp-block-button__link wp-element-button\" href=\"https:\/\/vakarulanka.lt\/index.php\/valcuoti-lakstai-klasika\/\">DAUGIAU<\/a><\/div>\n<\/div>\n<\/div><\/div>\n<\/div>\n\n\n\n<div class=\"wp-block-column is-layout-flow wp-block-column-is-layout-flow\">\n<div class=\"wp-block-media-text is-stacked-on-mobile\"><figure class=\"wp-block-media-text__media\"><a href=\"https:\/\/vakarulanka.lt\/index.php\/tvoros\/\"><img loading=\"lazy\" decoding=\"async\" width=\"432\" height=\"352\" src=\"https:\/\/vakarulanka.lt\/wp-content\/uploads\/2024\/02\/Screenshot-2024-02-24-at-19.01.42.png\" alt=\"\" class=\"wp-image-306 size-full\"\/><\/a><\/figure><div class=\"wp-block-media-text__content\">\n<p><strong><a href=\"https:\/\/vakarulanka.lt\/index.php\/tvoros\/\">TVOROS<\/a><\/strong><\/p>\n\n\n\n<div style=\"height:50px\" aria-hidden=\"true\" class=\"wp-block-spacer\"><\/div>\n\n\n\n<div class=\"wp-block-buttons is-layout-flex wp-block-buttons-is-layout-flex\">\n<div class=\"wp-block-button\"><a class=\"wp-block-button__link wp-element-button\" href=\"https:\/\/vakarulanka.lt\/index.php\/tvoros\/\">DAUGIAU<\/a><\/div>\n<\/div>\n<\/div><\/div>\n<\/div>\n\n\n\n<div class=\"wp-block-column is-layout-flow wp-block-column-is-layout-flow\">\n<div class=\"wp-block-media-text is-stacked-on-mobile\"><figure class=\"wp-block-media-text__media\"><a href=\"https:\/\/vakarulanka.lt\/index.php\/lietaus-nuvedimo-sistemos\/\"><img loading=\"lazy\" decoding=\"async\" width=\"424\" height=\"398\" src=\"https:\/\/vakarulanka.lt\/wp-content\/uploads\/2024\/02\/Screenshot-2024-02-24-at-19.01.53.png\" alt=\"\" class=\"wp-image-307 size-full\"\/><\/a><\/figure><div class=\"wp-block-media-text__content\">\n<p><strong><a href=\"https:\/\/vakarulanka.lt\/index.php\/lietaus-nuvedimo-sistemos\/\">LIETAUS NUVEDIMO SISTEMOS<\/a><\/strong><\/p>\n\n\n\n<div class=\"wp-block-buttons is-layout-flex wp-block-buttons-is-layout-flex\">\n<div class=\"wp-block-button\"><a class=\"wp-block-button__link wp-element-button\" href=\"https:\/\/vakarulanka.lt\/index.php\/lietaus-nuvedimo-sistemos\/\">DAUGIAU<\/a><\/div>\n<\/div>\n<\/div><\/div>\n<\/div>\n<\/div>\n\n\n\n<div class=\"wp-block-columns is-layout-flex wp-container-core-columns-is-layout-28f84493 wp-block-columns-is-layout-flex\">\n<div class=\"wp-block-column is-layout-flow wp-block-column-is-layout-flow\">\n<div class=\"wp-block-media-text is-stacked-on-mobile\"><figure class=\"wp-block-media-text__media\"><a href=\"https:\/\/vakarulanka.lt\/index.php\/lankstiniai\/\"><img loading=\"lazy\" decoding=\"async\" width=\"436\" height=\"352\" src=\"https:\/\/vakarulanka.lt\/wp-content\/uploads\/2024\/02\/Screenshot-2024-02-24-at-19.02.09.png\" alt=\"\" class=\"wp-image-310 size-full\"\/><\/a><\/figure><div class=\"wp-block-media-text__content\">\n<p><strong><a href=\"https:\/\/vakarulanka.lt\/index.php\/lankstiniai\/\">LANKSTINIAI<\/a><\/strong><br><\/p>\n\n\n\n<div class=\"wp-block-buttons is-layout-flex wp-block-buttons-is-layout-flex\">\n<div class=\"wp-block-button\"><a class=\"wp-block-button__link wp-element-button\" href=\"https:\/\/vakarulanka.lt\/index.php\/lankstiniai\/\">DAUGIAU<\/a><\/div>\n<\/div>\n<\/div><\/div>\n<\/div>\n\n\n\n<div class=\"wp-block-column is-layout-flow wp-block-column-is-layout-flow\">\n<div class=\"wp-block-media-text is-stacked-on-mobile\"><figure class=\"wp-block-media-text__media\"><img loading=\"lazy\" decoding=\"async\" width=\"428\" height=\"360\" src=\"https:\/\/vakarulanka.lt\/wp-content\/uploads\/2024\/02\/Screenshot-2024-02-24-at-19.02.18.png\" alt=\"\" class=\"wp-image-320 size-full\"\/><\/figure><div class=\"wp-block-media-text__content\">\n<p><strong><a href=\"https:\/\/vakarulanka.lt\/index.php\/priedai-stogo-ir-sienu-irengimui\/\">PRIEDAI STOGO IR SIEN\u0172 \u012eRENGIMUI<\/a><\/strong><\/p>\n\n\n\n<div class=\"wp-block-buttons is-layout-flex wp-block-buttons-is-layout-flex\">\n<div class=\"wp-block-button\"><a class=\"wp-block-button__link wp-element-button\" href=\"https:\/\/vakarulanka.lt\/index.php\/priedai-stogo-ir-sienu-irengimui\/\">DAUGIAU<\/a><\/div>\n<\/div>\n<\/div><\/div>\n<\/div>\n\n\n\n<div class=\"wp-block-column is-layout-flow wp-block-column-is-layout-flow\"><\/div>\n<\/div>\n","protected":false},"excerpt":{"rendered":"<p>M\u016aS\u0172 SI\u016aLOMA PRODUKCIJA \u010cERPINIAI PROFILIAI TRAPECINIAI PROFILIAI SINUSINIAI PROFILIAI VALCUOTI LAK\u0160TAI \u201eKLASIKA\u201c TVOROS LIETAUS NUVEDIMO SISTEMOS LANKSTINIAI PRIEDAI STOGO IR [&hellip;]<\/p>\n","protected":false},"author":1,"featured_media":0,"parent":0,"menu_order":0,"comment_status":"closed","ping_status":"closed","template":"","meta":{"site-sidebar-layout":"default","site-content-layout":"","ast-site-content-layout":"default","site-content-style":"default","site-sidebar-style":"default","ast-global-header-display":"","ast-banner-title-visibility":"","ast-main-header-display":"","ast-hfb-above-header-display":"","ast-hfb-below-header-display":"","ast-hfb-mobile-header-display":"","site-post-title":"disabled","ast-breadcrumbs-content":"","ast-featured-img":"","footer-sml-layout":"","ast-disable-related-posts":"","theme-transparent-header-meta":"","adv-header-id-meta":"","stick-header-meta":"","header-above-stick-meta":"","header-main-stick-meta":"","header-below-stick-meta":"","astra-migrate-meta-layouts":"default","ast-page-background-enabled":"default","ast-page-background-meta":{"desktop":{"background-color":"var(--ast-global-color-4)","background-image":"","background-repeat":"repeat","background-position":"center center","background-size":"auto","background-attachment":"scroll","background-type":"","background-media":"","overlay-type":"","overlay-color":"","overlay-opacity":"","overlay-gradient":""},"tablet":{"background-color":"","background-image":"","background-repeat":"repeat","background-position":"center center","background-size":"auto","background-attachment":"scroll","background-type":"","background-media":"","overlay-type":"","overlay-color":"","overlay-opacity":"","overlay-gradient":""},"mobile":{"background-color":"","background-image":"","background-repeat":"repeat","background-position":"center center","background-size":"auto","background-attachment":"scroll","background-type":"","background-media":"","overlay-type":"","overlay-color":"","overlay-opacity":"","overlay-gradient":""}},"ast-content-background-meta":{"desktop":{"background-color":"var(--ast-global-color-5)","background-image":"","background-repeat":"repeat","background-position":"center center","background-size":"auto","background-attachment":"scroll","background-type":"","background-media":"","overlay-type":"","overlay-color":"","overlay-opacity":"","overlay-gradient":""},"tablet":{"background-color":"var(--ast-global-color-5)","background-image":"","background-repeat":"repeat","background-position":"center center","background-size":"auto","background-attachment":"scroll","background-type":"","background-media":"","overlay-type":"","overlay-color":"","overlay-opacity":"","overlay-gradient":""},"mobile":{"background-color":"var(--ast-global-color-5)","background-image":"","background-repeat":"repeat","background-position":"center center","background-size":"auto","background-attachment":"scroll","background-type":"","background-media":"","overlay-type":"","overlay-color":"","overlay-opacity":"","overlay-gradient":""}},"footnotes":""},"class_list":["post-23","page","type-page","status-publish","hentry"],"yoast_head":"<!-- This site is optimized with the Yoast SEO plugin v22.6 - https:\/\/yoast.com\/wordpress\/plugins\/seo\/ -->\n<title>PRODUKCIJA -<\/title>\n<meta name=\"robots\" content=\"index, follow, max-snippet:-1, max-image-preview:large, max-video-preview:-1\" \/>\n<link rel=\"canonical\" href=\"https:\/\/vakarulanka.lt\/index.php\/produkcija\/\" \/>\n<meta property=\"og:locale\" content=\"en_US\" \/>\n<meta property=\"og:type\" content=\"article\" \/>\n<meta property=\"og:title\" content=\"PRODUKCIJA -\" \/>\n<meta property=\"og:description\" content=\"M\u016aS\u0172 SI\u016aLOMA PRODUKCIJA \u010cERPINIAI PROFILIAI TRAPECINIAI PROFILIAI SINUSINIAI PROFILIAI VALCUOTI LAK\u0160TAI \u201eKLASIKA\u201c TVOROS LIETAUS NUVEDIMO SISTEMOS LANKSTINIAI PRIEDAI STOGO IR [&hellip;]\" \/>\n<meta property=\"og:url\" content=\"https:\/\/vakarulanka.lt\/index.php\/produkcija\/\" \/>\n<meta property=\"article:modified_time\" content=\"2024-02-25T17:59:36+00:00\" \/>\n<meta property=\"og:image\" content=\"https:\/\/vakarulanka.lt\/wp-content\/uploads\/2024\/02\/Screenshot-2024-02-24-at-18.58.46.png\" \/>\n<meta name=\"twitter:card\" content=\"summary_large_image\" \/>\n<script type=\"application\/ld+json\" class=\"yoast-schema-graph\">{\"@context\":\"https:\/\/schema.org\",\"@graph\":[{\"@type\":\"WebPage\",\"@id\":\"https:\/\/vakarulanka.lt\/index.php\/produkcija\/\",\"url\":\"https:\/\/vakarulanka.lt\/index.php\/produkcija\/\",\"name\":\"PRODUKCIJA -\",\"isPartOf\":{\"@id\":\"https:\/\/vakarulanka.lt\/#website\"},\"primaryImageOfPage\":{\"@id\":\"https:\/\/vakarulanka.lt\/index.php\/produkcija\/#primaryimage\"},\"image\":{\"@id\":\"https:\/\/vakarulanka.lt\/index.php\/produkcija\/#primaryimage\"},\"thumbnailUrl\":\"https:\/\/vakarulanka.lt\/wp-content\/uploads\/2024\/02\/Screenshot-2024-02-24-at-18.58.46.png\",\"datePublished\":\"2024-02-23T10:33:31+00:00\",\"dateModified\":\"2024-02-25T17:59:36+00:00\",\"breadcrumb\":{\"@id\":\"https:\/\/vakarulanka.lt\/index.php\/produkcija\/#breadcrumb\"},\"inLanguage\":\"en-US\",\"potentialAction\":[{\"@type\":\"ReadAction\",\"target\":[\"https:\/\/vakarulanka.lt\/index.php\/produkcija\/\"]}]},{\"@type\":\"ImageObject\",\"inLanguage\":\"en-US\",\"@id\":\"https:\/\/vakarulanka.lt\/index.php\/produkcija\/#primaryimage\",\"url\":\"https:\/\/vakarulanka.lt\/wp-content\/uploads\/2024\/02\/Screenshot-2024-02-24-at-18.58.46.png\",\"contentUrl\":\"https:\/\/vakarulanka.lt\/wp-content\/uploads\/2024\/02\/Screenshot-2024-02-24-at-18.58.46.png\",\"width\":410,\"height\":334},{\"@type\":\"BreadcrumbList\",\"@id\":\"https:\/\/vakarulanka.lt\/index.php\/produkcija\/#breadcrumb\",\"itemListElement\":[{\"@type\":\"ListItem\",\"position\":1,\"name\":\"Home\",\"item\":\"https:\/\/vakarulanka.lt\/\"},{\"@type\":\"ListItem\",\"position\":2,\"name\":\"PRODUKCIJA\"}]},{\"@type\":\"WebSite\",\"@id\":\"https:\/\/vakarulanka.lt\/#website\",\"url\":\"https:\/\/vakarulanka.lt\/\",\"name\":\"vakarulanka.lt\",\"description\":\"\",\"publisher\":{\"@id\":\"https:\/\/vakarulanka.lt\/#organization\"},\"potentialAction\":[{\"@type\":\"SearchAction\",\"target\":{\"@type\":\"EntryPoint\",\"urlTemplate\":\"https:\/\/vakarulanka.lt\/?s={search_term_string}\"},\"query-input\":\"required name=search_term_string\"}],\"inLanguage\":\"en-US\"},{\"@type\":\"Organization\",\"@id\":\"https:\/\/vakarulanka.lt\/#organization\",\"name\":\"MB Lanka\",\"url\":\"https:\/\/vakarulanka.lt\/\",\"logo\":{\"@type\":\"ImageObject\",\"inLanguage\":\"en-US\",\"@id\":\"https:\/\/vakarulanka.lt\/#\/schema\/logo\/image\/\",\"url\":\"https:\/\/vakarulanka.lt\/wp-content\/uploads\/2024\/02\/lanka-logo-2.png\",\"contentUrl\":\"https:\/\/vakarulanka.lt\/wp-content\/uploads\/2024\/02\/lanka-logo-2.png\",\"width\":865,\"height\":286,\"caption\":\"MB Lanka\"},\"image\":{\"@id\":\"https:\/\/vakarulanka.lt\/#\/schema\/logo\/image\/\"}}]}<\/script>\n<!-- \/ Yoast SEO plugin. -->","yoast_head_json":{"title":"PRODUKCIJA -","robots":{"index":"index","follow":"follow","max-snippet":"max-snippet:-1","max-image-preview":"max-image-preview:large","max-video-preview":"max-video-preview:-1"},"canonical":"https:\/\/vakarulanka.lt\/index.php\/produkcija\/","og_locale":"en_US","og_type":"article","og_title":"PRODUKCIJA -","og_description":"M\u016aS\u0172 SI\u016aLOMA PRODUKCIJA \u010cERPINIAI PROFILIAI TRAPECINIAI PROFILIAI SINUSINIAI PROFILIAI VALCUOTI LAK\u0160TAI \u201eKLASIKA\u201c TVOROS LIETAUS NUVEDIMO SISTEMOS LANKSTINIAI PRIEDAI STOGO IR [&hellip;]","og_url":"https:\/\/vakarulanka.lt\/index.php\/produkcija\/","article_modified_time":"2024-02-25T17:59:36+00:00","og_image":[{"url":"https:\/\/vakarulanka.lt\/wp-content\/uploads\/2024\/02\/Screenshot-2024-02-24-at-18.58.46.png"}],"twitter_card":"summary_large_image","schema":{"@context":"https:\/\/schema.org","@graph":[{"@type":"WebPage","@id":"https:\/\/vakarulanka.lt\/index.php\/produkcija\/","url":"https:\/\/vakarulanka.lt\/index.php\/produkcija\/","name":"PRODUKCIJA -","isPartOf":{"@id":"https:\/\/vakarulanka.lt\/#website"},"primaryImageOfPage":{"@id":"https:\/\/vakarulanka.lt\/index.php\/produkcija\/#primaryimage"},"image":{"@id":"https:\/\/vakarulanka.lt\/index.php\/produkcija\/#primaryimage"},"thumbnailUrl":"https:\/\/vakarulanka.lt\/wp-content\/uploads\/2024\/02\/Screenshot-2024-02-24-at-18.58.46.png","datePublished":"2024-02-23T10:33:31+00:00","dateModified":"2024-02-25T17:59:36+00:00","breadcrumb":{"@id":"https:\/\/vakarulanka.lt\/index.php\/produkcija\/#breadcrumb"},"inLanguage":"en-US","potentialAction":[{"@type":"ReadAction","target":["https:\/\/vakarulanka.lt\/index.php\/produkcija\/"]}]},{"@type":"ImageObject","inLanguage":"en-US","@id":"https:\/\/vakarulanka.lt\/index.php\/produkcija\/#primaryimage","url":"https:\/\/vakarulanka.lt\/wp-content\/uploads\/2024\/02\/Screenshot-2024-02-24-at-18.58.46.png","contentUrl":"https:\/\/vakarulanka.lt\/wp-content\/uploads\/2024\/02\/Screenshot-2024-02-24-at-18.58.46.png","width":410,"height":334},{"@type":"BreadcrumbList","@id":"https:\/\/vakarulanka.lt\/index.php\/produkcija\/#breadcrumb","itemListElement":[{"@type":"ListItem","position":1,"name":"Home","item":"https:\/\/vakarulanka.lt\/"},{"@type":"ListItem","position":2,"name":"PRODUKCIJA"}]},{"@type":"WebSite","@id":"https:\/\/vakarulanka.lt\/#website","url":"https:\/\/vakarulanka.lt\/","name":"vakarulanka.lt","description":"","publisher":{"@id":"https:\/\/vakarulanka.lt\/#organization"},"potentialAction":[{"@type":"SearchAction","target":{"@type":"EntryPoint","urlTemplate":"https:\/\/vakarulanka.lt\/?s={search_term_string}"},"query-input":"required name=search_term_string"}],"inLanguage":"en-US"},{"@type":"Organization","@id":"https:\/\/vakarulanka.lt\/#organization","name":"MB Lanka","url":"https:\/\/vakarulanka.lt\/","logo":{"@type":"ImageObject","inLanguage":"en-US","@id":"https:\/\/vakarulanka.lt\/#\/schema\/logo\/image\/","url":"https:\/\/vakarulanka.lt\/wp-content\/uploads\/2024\/02\/lanka-logo-2.png","contentUrl":"https:\/\/vakarulanka.lt\/wp-content\/uploads\/2024\/02\/lanka-logo-2.png","width":865,"height":286,"caption":"MB Lanka"},"image":{"@id":"https:\/\/vakarulanka.lt\/#\/schema\/logo\/image\/"}}]}},"_links":{"self":[{"href":"https:\/\/vakarulanka.lt\/index.php\/wp-json\/wp\/v2\/pages\/23","targetHints":{"allow":["GET"]}}],"collection":[{"href":"https:\/\/vakarulanka.lt\/index.php\/wp-json\/wp\/v2\/pages"}],"about":[{"href":"https:\/\/vakarulanka.lt\/index.php\/wp-json\/wp\/v2\/types\/page"}],"author":[{"embeddable":true,"href":"https:\/\/vakarulanka.lt\/index.php\/wp-json\/wp\/v2\/users\/1"}],"replies":[{"embeddable":true,"href":"https:\/\/vakarulanka.lt\/index.php\/wp-json\/wp\/v2\/comments?post=23"}],"version-history":[{"count":29,"href":"https:\/\/vakarulanka.lt\/index.php\/wp-json\/wp\/v2\/pages\/23\/revisions"}],"predecessor-version":[{"id":610,"href":"https:\/\/vakarulanka.lt\/index.php\/wp-json\/wp\/v2\/pages\/23\/revisions\/610"}],"wp:attachment":[{"href":"https:\/\/vakarulanka.lt\/index.php\/wp-json\/wp\/v2\/media?parent=23"}],"curies":[{"name":"wp","href":"https:\/\/api.w.org\/{rel}","templated":true}]}}