{"id":19,"date":"2024-02-23T10:32:28","date_gmt":"2024-02-23T10:32:28","guid":{"rendered":"https:\/\/vakarulanka.lt\/?page_id=19"},"modified":"2024-08-16T11:01:02","modified_gmt":"2024-08-16T11:01:02","slug":"apie-mus","status":"publish","type":"page","link":"https:\/\/vakarulanka.lt\/","title":{"rendered":"APIE MUS"},"content":{"rendered":"\n<div class=\"wp-block-cover alignfull has-parallax\" style=\"border-style:none;border-width:0px;border-radius:0px;margin-top:0;margin-bottom:0;padding-right:0;padding-left:0;min-height:434px;aspect-ratio:unset;\"><span aria-hidden=\"true\" class=\"wp-block-cover__background has-background-dim-40 has-background-dim\"><\/span><div class=\"wp-block-cover__image-background wp-image-88 has-parallax\" style=\"background-position:50% 50%;background-image:url(https:\/\/vakarulanka.lt\/wp-content\/uploads\/2024\/02\/pexels-pixabay-48895.jpg)\"><\/div><div class=\"wp-block-cover__inner-container is-layout-constrained wp-container-core-cover-is-layout-8798a6cd wp-block-cover-is-layout-constrained\">\n<h3 class=\"wp-block-heading has-text-align-center has-white-color has-text-color has-link-color has-x-large-font-size wp-elements-905e0fa3397d31cdb305e81ed47583b3\" style=\"letter-spacing:10px\"><strong>STOG\u0172 IR SIEN\u0172 DANGOS JUMS!<\/strong><\/h3>\n<\/div><\/div>\n\n\n\n<div style=\"height:100px\" aria-hidden=\"true\" class=\"wp-block-spacer\"><\/div>\n\n\n\n<p class=\"has-ast-global-color-2-color has-text-color has-link-color has-medium-font-size wp-elements-71499fbeb93be74c7e6de0200e82af82\"><strong>MB \u201eLanka\u201c<\/strong> pagrindin\u0117 veikla yra plienini\u0173 stog\u0173 ir sien\u0173 dang\u0173 gamyba bei prekyba. \u012emon\u0117 taip pat gamina ir parduoda skardines tvoras, skardos lankstinius ir visas komplektuojam\u0105sias med\u017eiagas.<br>Gamybai naudojame tik geros kokyb\u0117s \u017ealiavas i\u0161 pasaulyje gerai \u017einom\u0173 ir pla\u010diai rekomenduojam\u0173 gamintoj\u0173: \u201eSSAB\u201c, \u201eArcelorMittal\u201c, \u201eCoated Solutions (Santander)\u201c, \u201eDongBu Steel\u201c.&nbsp;<\/p>\n\n\n\n<div style=\"height:100px\" aria-hidden=\"true\" class=\"wp-block-spacer\"><\/div>\n\n\n\n<div class=\"wp-block-media-text is-stacked-on-mobile is-image-fill\"><figure class=\"wp-block-media-text__media\" style=\"background-image:url(https:\/\/vakarulanka.lt\/wp-content\/uploads\/2024\/02\/pexels-possessed-photography-11048053.jpg);background-position:50% 50%\"><img loading=\"lazy\" decoding=\"async\" width=\"3888\" height=\"5184\" src=\"https:\/\/vakarulanka.lt\/wp-content\/uploads\/2024\/02\/pexels-possessed-photography-11048053.jpg\" alt=\"\" class=\"wp-image-70 size-full\"\/><\/figure><div class=\"wp-block-media-text__content\">\n<h2 class=\"wp-block-heading has-text-align-center has-ast-global-color-0-color has-text-color has-link-color wp-elements-4127ba5e4bfc2f53725b94f42645dd65\">MES SI\u016aLOME:<\/h2>\n\n\n\n<ul class=\"wp-block-list\">\n<li style=\"line-height:2.2\" class=\"has-medium-font-size\">\u010cerpinio profilio plienines stog\u0173 dangas: <a href=\"https:\/\/vakarulanka.lt\/index.php\/skalvis\/\">\u201eSkalvis\u201c<\/a> ir <a href=\"https:\/\/vakarulanka.lt\/index.php\/auska\/\">\u201eAuska\u201c<\/a><\/li>\n\n\n\n<li style=\"line-height:2.2\" class=\"has-medium-font-size\">Trapecines stog\u0173 ir sien\u0173 dangas: <a href=\"https:\/\/vakarulanka.lt\/index.php\/t45\/\">T-45<\/a>, <a href=\"https:\/\/vakarulanka.lt\/index.php\/t20\/\">T-20<\/a>, <a href=\"https:\/\/vakarulanka.lt\/index.php\/t16\/\">T-16<\/a>, <a href=\"https:\/\/vakarulanka.lt\/index.php\/t11\/\">T-11<\/a>, <a href=\"https:\/\/vakarulanka.lt\/index.php\/t4\/\">T-4<\/a><\/li>\n\n\n\n<li style=\"line-height:2.2\" class=\"has-medium-font-size\"><a href=\"https:\/\/vakarulanka.lt\/index.php\/valcuoti-lakstai-klasika\/\">Klasikinio<\/a> profilio (Classic Click) dang\u0105<\/li>\n\n\n\n<li style=\"line-height:2.2\" class=\"has-medium-font-size\">Gaminame skardines tvoras: <a href=\"https:\/\/vakarulanka.lt\/index.php\/zaliuzi\/\">\u017ealiuzes<\/a> ar <a href=\"https:\/\/vakarulanka.lt\/index.php\/eglute\/\">eglut\u0117s<\/a> tipo, rombinio profilio bei <a href=\"https:\/\/vakarulanka.lt\/index.php\/tvoralentes\/\">skardines lenteles<\/a><\/li>\n\n\n\n<li style=\"line-height:2.2\" class=\"has-medium-font-size\">Gaminame arkinius <a href=\"https:\/\/vakarulanka.lt\/index.php\/arkinis-sinusinis-profilis-ag-s\/\">sinusinius lak\u0161tus<\/a><\/li>\n\n\n\n<li style=\"line-height:2.2\" class=\"has-medium-font-size\">Parduodame <a href=\"https:\/\/vakarulanka.lt\/index.php\/lietaus-nuvedimo-sistemos\/\">lietaus nuvedimo sistemas<\/a>: Struga ir Flamingo<\/li>\n\n\n\n<li style=\"line-height:2.2\" class=\"has-medium-font-size\"><a href=\"https:\/\/vakarulanka.lt\/index.php\/priedai-stogo-ir-sienu-irengimui\/\">Parduodame stogo elementus<\/a>: kraigo ventiliacines juostas, difuzines pl\u0117veles, stogo v\u0117dinimo kamin\u0117lius, sniego u\u017etvaras, stogo kop\u0117t\u0117les, apsaugas nuo pauk\u0161\u010di\u0173, tvirtinimo elementus ir kitas med\u017eiagas<\/li>\n\n\n\n<li style=\"line-height:2.2\" class=\"has-medium-font-size\"><a href=\"https:\/\/vakarulanka.lt\/index.php\/lankstiniai\/\">Gaminame skardos lankstinius<\/a>: kraigai, la\u0161takiai, v\u0117jalent\u0117s, sniego u\u017etvaras ar lankstinius pagal individual\u0173 poreik\u012f<\/li>\n\n\n\n<li style=\"line-height:2.2\" class=\"has-medium-font-size\">Lygi\u0105 skard\u0105 rulonais<\/li>\n\n\n\n<li style=\"line-height:2.2\" class=\"has-medium-font-size\">Stogo statybos, renovavimo, dengimo darbus<\/li>\n<\/ul>\n\n\n\n<p><\/p>\n\n\n\n<div class=\"wp-block-buttons alignfull is-content-justification-center is-layout-flex wp-container-core-buttons-is-layout-a89b3969 wp-block-buttons-is-layout-flex\">\n<div class=\"wp-block-button\"><a class=\"wp-block-button__link has-text-align-left wp-element-button\" href=\"https:\/\/vakarulanka.lt\/index.php\/kontaktai\/\">KONTAKTAI<\/a><\/div>\n<\/div>\n<\/div><\/div>\n\n\n\n<div style=\"height:100px\" aria-hidden=\"true\" class=\"wp-block-spacer\"><\/div>\n\n\n\n<div class=\"wp-block-cover alignfull\" style=\"min-height:99px;aspect-ratio:unset;\"><span aria-hidden=\"true\" class=\"wp-block-cover__background has-ast-global-color-0-background-color has-background-dim-100 has-background-dim\"><\/span><div class=\"wp-block-cover__inner-container is-layout-constrained wp-block-cover-is-layout-constrained\">\n<p class=\"has-text-align-center has-large-font-size\"><strong>M\u016aS\u0172 PARTNERIAI:<\/strong><\/p>\n<\/div><\/div>\n\n\n\n<div class=\"wp-block-columns is-layout-flex wp-container-core-columns-is-layout-28f84493 wp-block-columns-is-layout-flex\">\n<div class=\"wp-block-column is-layout-flow wp-block-column-is-layout-flow\">\n<figure class=\"wp-block-image size-large\"><a href=\"https:\/\/vakarulanka.lt\/index.php\/velux\/\"><img loading=\"lazy\" decoding=\"async\" width=\"1024\" height=\"344\" src=\"https:\/\/vakarulanka.lt\/wp-content\/uploads\/2024\/04\/Screenshot-2024-04-19-at-09.07.17-1024x344.png\" alt=\"\" class=\"wp-image-726\" srcset=\"https:\/\/vakarulanka.lt\/wp-content\/uploads\/2024\/04\/Screenshot-2024-04-19-at-09.07.17-1024x344.png 1024w, https:\/\/vakarulanka.lt\/wp-content\/uploads\/2024\/04\/Screenshot-2024-04-19-at-09.07.17-1536x516.png 1536w, https:\/\/vakarulanka.lt\/wp-content\/uploads\/2024\/04\/Screenshot-2024-04-19-at-09.07.17-300x101.png 300w, https:\/\/vakarulanka.lt\/wp-content\/uploads\/2024\/04\/Screenshot-2024-04-19-at-09.07.17-768x258.png 768w, https:\/\/vakarulanka.lt\/wp-content\/uploads\/2024\/04\/Screenshot-2024-04-19-at-09.07.17.png 1684w\" sizes=\"auto, (max-width: 1024px) 100vw, 1024px\" \/><\/a><\/figure>\n<\/div>\n\n\n\n<div class=\"wp-block-column is-layout-flow wp-block-column-is-layout-flow\">\n<figure class=\"wp-block-image size-large\"><img loading=\"lazy\" decoding=\"async\" width=\"1024\" height=\"637\" src=\"https:\/\/vakarulanka.lt\/wp-content\/uploads\/2024\/04\/vakaru-sra-1024x637.png\" alt=\"\" class=\"wp-image-769\" srcset=\"https:\/\/vakarulanka.lt\/wp-content\/uploads\/2024\/04\/vakaru-sra-1024x637.png 1024w, https:\/\/vakarulanka.lt\/wp-content\/uploads\/2024\/04\/vakaru-sra-300x187.png 300w, https:\/\/vakarulanka.lt\/wp-content\/uploads\/2024\/04\/vakaru-sra-768x478.png 768w, https:\/\/vakarulanka.lt\/wp-content\/uploads\/2024\/04\/vakaru-sra.png 1508w\" sizes=\"auto, (max-width: 1024px) 100vw, 1024px\" \/><\/figure>\n<\/div>\n\n\n\n<div class=\"wp-block-column is-layout-flow wp-block-column-is-layout-flow\">\n<figure class=\"wp-block-image size-large is-resized\"><img loading=\"lazy\" decoding=\"async\" width=\"1024\" height=\"571\" src=\"https:\/\/vakarulanka.lt\/wp-content\/uploads\/2024\/04\/400JpgdpiLogoCropped-1024x571.jpg\" alt=\"\" class=\"wp-image-712\" style=\"width:256px;height:auto\" srcset=\"https:\/\/vakarulanka.lt\/wp-content\/uploads\/2024\/04\/400JpgdpiLogoCropped-1024x571.jpg 1024w, https:\/\/vakarulanka.lt\/wp-content\/uploads\/2024\/04\/400JpgdpiLogoCropped-1536x856.jpg 1536w, https:\/\/vakarulanka.lt\/wp-content\/uploads\/2024\/04\/400JpgdpiLogoCropped-300x167.jpg 300w, https:\/\/vakarulanka.lt\/wp-content\/uploads\/2024\/04\/400JpgdpiLogoCropped-768x428.jpg 768w, https:\/\/vakarulanka.lt\/wp-content\/uploads\/2024\/04\/400JpgdpiLogoCropped.jpg 2025w\" sizes=\"auto, (max-width: 1024px) 100vw, 1024px\" \/><\/figure>\n<\/div>\n\n\n\n<div class=\"wp-block-column is-layout-flow wp-block-column-is-layout-flow\">\n<figure class=\"wp-block-image size-full is-resized\"><img loading=\"lazy\" decoding=\"async\" width=\"800\" height=\"960\" src=\"https:\/\/vakarulanka.lt\/wp-content\/uploads\/2024\/04\/logo-2.jpg\" alt=\"\" class=\"wp-image-761\" style=\"width:133px;height:auto\" srcset=\"https:\/\/vakarulanka.lt\/wp-content\/uploads\/2024\/04\/logo-2.jpg 800w, https:\/\/vakarulanka.lt\/wp-content\/uploads\/2024\/04\/logo-2-250x300.jpg 250w, https:\/\/vakarulanka.lt\/wp-content\/uploads\/2024\/04\/logo-2-768x922.jpg 768w\" sizes=\"auto, (max-width: 800px) 100vw, 800px\" \/><\/figure>\n<\/div>\n<\/div>\n\n\n\n<div class=\"wp-block-columns is-layout-flex wp-container-core-columns-is-layout-28f84493 wp-block-columns-is-layout-flex\">\n<div class=\"wp-block-column is-layout-flow wp-block-column-is-layout-flow\">\n<figure class=\"wp-block-image size-large is-resized\"><img loading=\"lazy\" decoding=\"async\" width=\"1024\" height=\"307\" src=\"https:\/\/vakarulanka.lt\/wp-content\/uploads\/2024\/04\/Screenshot-2024-04-29-at-16.22.23-1-1024x307.png\" alt=\"\" class=\"wp-image-781\" style=\"width:271px;height:auto\" srcset=\"https:\/\/vakarulanka.lt\/wp-content\/uploads\/2024\/04\/Screenshot-2024-04-29-at-16.22.23-1-1024x307.png 1024w, https:\/\/vakarulanka.lt\/wp-content\/uploads\/2024\/04\/Screenshot-2024-04-29-at-16.22.23-1-300x90.png 300w, https:\/\/vakarulanka.lt\/wp-content\/uploads\/2024\/04\/Screenshot-2024-04-29-at-16.22.23-1-768x230.png 768w, https:\/\/vakarulanka.lt\/wp-content\/uploads\/2024\/04\/Screenshot-2024-04-29-at-16.22.23-1.png 1503w\" sizes=\"auto, (max-width: 1024px) 100vw, 1024px\" \/><\/figure>\n<\/div>\n\n\n\n<div class=\"wp-block-column is-layout-flow wp-block-column-is-layout-flow\">\n<figure class=\"wp-block-image size-full\"><img loading=\"lazy\" decoding=\"async\" width=\"486\" height=\"154\" src=\"https:\/\/vakarulanka.lt\/wp-content\/uploads\/2024\/04\/Screenshot-2024-04-29-at-16.25.29.png\" alt=\"\" class=\"wp-image-778\" srcset=\"https:\/\/vakarulanka.lt\/wp-content\/uploads\/2024\/04\/Screenshot-2024-04-29-at-16.25.29.png 486w, https:\/\/vakarulanka.lt\/wp-content\/uploads\/2024\/04\/Screenshot-2024-04-29-at-16.25.29-300x95.png 300w\" sizes=\"auto, (max-width: 486px) 100vw, 486px\" \/><\/figure>\n<\/div>\n\n\n\n<div class=\"wp-block-column is-layout-flow wp-block-column-is-layout-flow\">\n<figure class=\"wp-block-image alignfull size-large\"><img loading=\"lazy\" decoding=\"async\" width=\"1024\" height=\"505\" src=\"https:\/\/vakarulanka.lt\/wp-content\/uploads\/2024\/04\/Screenshot-2024-04-30-at-09.07.10-1024x505.png\" alt=\"\" class=\"wp-image-784\" srcset=\"https:\/\/vakarulanka.lt\/wp-content\/uploads\/2024\/04\/Screenshot-2024-04-30-at-09.07.10-1024x505.png 1024w, https:\/\/vakarulanka.lt\/wp-content\/uploads\/2024\/04\/Screenshot-2024-04-30-at-09.07.10-300x148.png 300w, https:\/\/vakarulanka.lt\/wp-content\/uploads\/2024\/04\/Screenshot-2024-04-30-at-09.07.10-768x379.png 768w, https:\/\/vakarulanka.lt\/wp-content\/uploads\/2024\/04\/Screenshot-2024-04-30-at-09.07.10.png 1058w\" sizes=\"auto, (max-width: 1024px) 100vw, 1024px\" \/><\/figure>\n<\/div>\n\n\n\n<div class=\"wp-block-column is-layout-flow wp-block-column-is-layout-flow\">\n<figure class=\"wp-block-image alignfull size-large\"><img loading=\"lazy\" decoding=\"async\" width=\"1024\" height=\"378\" src=\"https:\/\/vakarulanka.lt\/wp-content\/uploads\/2024\/05\/Sumazintas-1024x378.png\" alt=\"\" class=\"wp-image-789\" srcset=\"https:\/\/vakarulanka.lt\/wp-content\/uploads\/2024\/05\/Sumazintas-1024x378.png 1024w, https:\/\/vakarulanka.lt\/wp-content\/uploads\/2024\/05\/Sumazintas-300x111.png 300w, https:\/\/vakarulanka.lt\/wp-content\/uploads\/2024\/05\/Sumazintas-768x284.png 768w, https:\/\/vakarulanka.lt\/wp-content\/uploads\/2024\/05\/Sumazintas.png 1099w\" sizes=\"auto, (max-width: 1024px) 100vw, 1024px\" \/><\/figure>\n<\/div>\n<\/div>\n","protected":false},"excerpt":{"rendered":"<p>MB \u201eLanka\u201c pagrindin\u0117 veikla yra plienini\u0173 stog\u0173 ir sien\u0173 dang\u0173 gamyba bei prekyba. \u012emon\u0117 taip pat gamina ir parduoda skardines [&hellip;]<\/p>\n","protected":false},"author":1,"featured_media":0,"parent":0,"menu_order":0,"comment_status":"closed","ping_status":"closed","template":"","meta":{"site-sidebar-layout":"default","site-content-layout":"","ast-site-content-layout":"default","site-content-style":"default","site-sidebar-style":"default","ast-global-header-display":"","ast-banner-title-visibility":"","ast-main-header-display":"","ast-hfb-above-header-display":"","ast-hfb-below-header-display":"","ast-hfb-mobile-header-display":"","site-post-title":"disabled","ast-breadcrumbs-content":"","ast-featured-img":"","footer-sml-layout":"","ast-disable-related-posts":"","theme-transparent-header-meta":"","adv-header-id-meta":"","stick-header-meta":"","header-above-stick-meta":"","header-main-stick-meta":"","header-below-stick-meta":"","astra-migrate-meta-layouts":"default","ast-page-background-enabled":"default","ast-page-background-meta":{"desktop":{"background-color":"var(--ast-global-color-4)","background-image":"","background-repeat":"repeat","background-position":"center center","background-size":"auto","background-attachment":"scroll","background-type":"","background-media":"","overlay-type":"","overlay-color":"","overlay-opacity":"","overlay-gradient":""},"tablet":{"background-color":"","background-image":"","background-repeat":"repeat","background-position":"center center","background-size":"auto","background-attachment":"scroll","background-type":"","background-media":"","overlay-type":"","overlay-color":"","overlay-opacity":"","overlay-gradient":""},"mobile":{"background-color":"","background-image":"","background-repeat":"repeat","background-position":"center center","background-size":"auto","background-attachment":"scroll","background-type":"","background-media":"","overlay-type":"","overlay-color":"","overlay-opacity":"","overlay-gradient":""}},"ast-content-background-meta":{"desktop":{"background-color":"var(--ast-global-color-5)","background-image":"","background-repeat":"repeat","background-position":"center center","background-size":"auto","background-attachment":"scroll","background-type":"","background-media":"","overlay-type":"","overlay-color":"","overlay-opacity":"","overlay-gradient":""},"tablet":{"background-color":"var(--ast-global-color-5)","background-image":"","background-repeat":"repeat","background-position":"center center","background-size":"auto","background-attachment":"scroll","background-type":"","background-media":"","overlay-type":"","overlay-color":"","overlay-opacity":"","overlay-gradient":""},"mobile":{"background-color":"var(--ast-global-color-5)","background-image":"","background-repeat":"repeat","background-position":"center center","background-size":"auto","background-attachment":"scroll","background-type":"","background-media":"","overlay-type":"","overlay-color":"","overlay-opacity":"","overlay-gradient":""}},"footnotes":""},"class_list":["post-19","page","type-page","status-publish","hentry"],"yoast_head":"<!-- This site is optimized with the Yoast SEO plugin v22.6 - https:\/\/yoast.com\/wordpress\/plugins\/seo\/ -->\n<title>APIE MUS -<\/title>\n<meta name=\"robots\" content=\"index, follow, max-snippet:-1, max-image-preview:large, max-video-preview:-1\" \/>\n<link rel=\"canonical\" href=\"https:\/\/vakarulanka.lt\/\" \/>\n<meta property=\"og:locale\" content=\"en_US\" \/>\n<meta property=\"og:type\" content=\"article\" \/>\n<meta property=\"og:title\" content=\"APIE MUS -\" \/>\n<meta property=\"og:description\" content=\"MB \u201eLanka\u201c pagrindin\u0117 veikla yra plienini\u0173 stog\u0173 ir sien\u0173 dang\u0173 gamyba bei prekyba. \u012emon\u0117 taip pat gamina ir parduoda skardines [&hellip;]\" \/>\n<meta property=\"og:url\" content=\"https:\/\/vakarulanka.lt\/\" \/>\n<meta property=\"article:modified_time\" content=\"2024-08-16T11:01:02+00:00\" \/>\n<meta property=\"og:image\" content=\"https:\/\/vakarulanka.lt\/wp-content\/uploads\/2024\/02\/pexels-possessed-photography-11048053.jpg\" \/>\n<meta name=\"twitter:card\" content=\"summary_large_image\" \/>\n<meta name=\"twitter:label1\" content=\"Est. reading time\" \/>\n\t<meta name=\"twitter:data1\" content=\"3 minutes\" \/>\n<script type=\"application\/ld+json\" class=\"yoast-schema-graph\">{\"@context\":\"https:\/\/schema.org\",\"@graph\":[{\"@type\":\"WebPage\",\"@id\":\"https:\/\/vakarulanka.lt\/\",\"url\":\"https:\/\/vakarulanka.lt\/\",\"name\":\"APIE MUS -\",\"isPartOf\":{\"@id\":\"https:\/\/vakarulanka.lt\/#website\"},\"primaryImageOfPage\":{\"@id\":\"https:\/\/vakarulanka.lt\/#primaryimage\"},\"image\":{\"@id\":\"https:\/\/vakarulanka.lt\/#primaryimage\"},\"thumbnailUrl\":\"https:\/\/vakarulanka.lt\/wp-content\/uploads\/2024\/02\/pexels-possessed-photography-11048053.jpg\",\"datePublished\":\"2024-02-23T10:32:28+00:00\",\"dateModified\":\"2024-08-16T11:01:02+00:00\",\"breadcrumb\":{\"@id\":\"https:\/\/vakarulanka.lt\/#breadcrumb\"},\"inLanguage\":\"en-US\",\"potentialAction\":[{\"@type\":\"ReadAction\",\"target\":[\"https:\/\/vakarulanka.lt\/\"]}]},{\"@type\":\"ImageObject\",\"inLanguage\":\"en-US\",\"@id\":\"https:\/\/vakarulanka.lt\/#primaryimage\",\"url\":\"https:\/\/vakarulanka.lt\/wp-content\/uploads\/2024\/02\/pexels-possessed-photography-11048053.jpg\",\"contentUrl\":\"https:\/\/vakarulanka.lt\/wp-content\/uploads\/2024\/02\/pexels-possessed-photography-11048053.jpg\",\"width\":3888,\"height\":5184},{\"@type\":\"BreadcrumbList\",\"@id\":\"https:\/\/vakarulanka.lt\/#breadcrumb\",\"itemListElement\":[{\"@type\":\"ListItem\",\"position\":1,\"name\":\"Home\",\"item\":\"https:\/\/vakarulanka.lt\/\"},{\"@type\":\"ListItem\",\"position\":2,\"name\":\"APIE MUS\"}]},{\"@type\":\"WebSite\",\"@id\":\"https:\/\/vakarulanka.lt\/#website\",\"url\":\"https:\/\/vakarulanka.lt\/\",\"name\":\"vakarulanka.lt\",\"description\":\"\",\"publisher\":{\"@id\":\"https:\/\/vakarulanka.lt\/#organization\"},\"potentialAction\":[{\"@type\":\"SearchAction\",\"target\":{\"@type\":\"EntryPoint\",\"urlTemplate\":\"https:\/\/vakarulanka.lt\/?s={search_term_string}\"},\"query-input\":\"required name=search_term_string\"}],\"inLanguage\":\"en-US\"},{\"@type\":\"Organization\",\"@id\":\"https:\/\/vakarulanka.lt\/#organization\",\"name\":\"MB Lanka\",\"url\":\"https:\/\/vakarulanka.lt\/\",\"logo\":{\"@type\":\"ImageObject\",\"inLanguage\":\"en-US\",\"@id\":\"https:\/\/vakarulanka.lt\/#\/schema\/logo\/image\/\",\"url\":\"https:\/\/vakarulanka.lt\/wp-content\/uploads\/2024\/02\/lanka-logo-2.png\",\"contentUrl\":\"https:\/\/vakarulanka.lt\/wp-content\/uploads\/2024\/02\/lanka-logo-2.png\",\"width\":865,\"height\":286,\"caption\":\"MB Lanka\"},\"image\":{\"@id\":\"https:\/\/vakarulanka.lt\/#\/schema\/logo\/image\/\"}}]}<\/script>\n<!-- \/ Yoast SEO plugin. -->","yoast_head_json":{"title":"APIE MUS -","robots":{"index":"index","follow":"follow","max-snippet":"max-snippet:-1","max-image-preview":"max-image-preview:large","max-video-preview":"max-video-preview:-1"},"canonical":"https:\/\/vakarulanka.lt\/","og_locale":"en_US","og_type":"article","og_title":"APIE MUS -","og_description":"MB \u201eLanka\u201c pagrindin\u0117 veikla yra plienini\u0173 stog\u0173 ir sien\u0173 dang\u0173 gamyba bei prekyba. \u012emon\u0117 taip pat gamina ir parduoda skardines [&hellip;]","og_url":"https:\/\/vakarulanka.lt\/","article_modified_time":"2024-08-16T11:01:02+00:00","og_image":[{"url":"https:\/\/vakarulanka.lt\/wp-content\/uploads\/2024\/02\/pexels-possessed-photography-11048053.jpg"}],"twitter_card":"summary_large_image","twitter_misc":{"Est. reading time":"3 minutes"},"schema":{"@context":"https:\/\/schema.org","@graph":[{"@type":"WebPage","@id":"https:\/\/vakarulanka.lt\/","url":"https:\/\/vakarulanka.lt\/","name":"APIE MUS -","isPartOf":{"@id":"https:\/\/vakarulanka.lt\/#website"},"primaryImageOfPage":{"@id":"https:\/\/vakarulanka.lt\/#primaryimage"},"image":{"@id":"https:\/\/vakarulanka.lt\/#primaryimage"},"thumbnailUrl":"https:\/\/vakarulanka.lt\/wp-content\/uploads\/2024\/02\/pexels-possessed-photography-11048053.jpg","datePublished":"2024-02-23T10:32:28+00:00","dateModified":"2024-08-16T11:01:02+00:00","breadcrumb":{"@id":"https:\/\/vakarulanka.lt\/#breadcrumb"},"inLanguage":"en-US","potentialAction":[{"@type":"ReadAction","target":["https:\/\/vakarulanka.lt\/"]}]},{"@type":"ImageObject","inLanguage":"en-US","@id":"https:\/\/vakarulanka.lt\/#primaryimage","url":"https:\/\/vakarulanka.lt\/wp-content\/uploads\/2024\/02\/pexels-possessed-photography-11048053.jpg","contentUrl":"https:\/\/vakarulanka.lt\/wp-content\/uploads\/2024\/02\/pexels-possessed-photography-11048053.jpg","width":3888,"height":5184},{"@type":"BreadcrumbList","@id":"https:\/\/vakarulanka.lt\/#breadcrumb","itemListElement":[{"@type":"ListItem","position":1,"name":"Home","item":"https:\/\/vakarulanka.lt\/"},{"@type":"ListItem","position":2,"name":"APIE MUS"}]},{"@type":"WebSite","@id":"https:\/\/vakarulanka.lt\/#website","url":"https:\/\/vakarulanka.lt\/","name":"vakarulanka.lt","description":"","publisher":{"@id":"https:\/\/vakarulanka.lt\/#organization"},"potentialAction":[{"@type":"SearchAction","target":{"@type":"EntryPoint","urlTemplate":"https:\/\/vakarulanka.lt\/?s={search_term_string}"},"query-input":"required name=search_term_string"}],"inLanguage":"en-US"},{"@type":"Organization","@id":"https:\/\/vakarulanka.lt\/#organization","name":"MB Lanka","url":"https:\/\/vakarulanka.lt\/","logo":{"@type":"ImageObject","inLanguage":"en-US","@id":"https:\/\/vakarulanka.lt\/#\/schema\/logo\/image\/","url":"https:\/\/vakarulanka.lt\/wp-content\/uploads\/2024\/02\/lanka-logo-2.png","contentUrl":"https:\/\/vakarulanka.lt\/wp-content\/uploads\/2024\/02\/lanka-logo-2.png","width":865,"height":286,"caption":"MB Lanka"},"image":{"@id":"https:\/\/vakarulanka.lt\/#\/schema\/logo\/image\/"}}]}},"_links":{"self":[{"href":"https:\/\/vakarulanka.lt\/index.php\/wp-json\/wp\/v2\/pages\/19","targetHints":{"allow":["GET"]}}],"collection":[{"href":"https:\/\/vakarulanka.lt\/index.php\/wp-json\/wp\/v2\/pages"}],"about":[{"href":"https:\/\/vakarulanka.lt\/index.php\/wp-json\/wp\/v2\/types\/page"}],"author":[{"embeddable":true,"href":"https:\/\/vakarulanka.lt\/index.php\/wp-json\/wp\/v2\/users\/1"}],"replies":[{"embeddable":true,"href":"https:\/\/vakarulanka.lt\/index.php\/wp-json\/wp\/v2\/comments?post=19"}],"version-history":[{"count":53,"href":"https:\/\/vakarulanka.lt\/index.php\/wp-json\/wp\/v2\/pages\/19\/revisions"}],"predecessor-version":[{"id":808,"href":"https:\/\/vakarulanka.lt\/index.php\/wp-json\/wp\/v2\/pages\/19\/revisions\/808"}],"wp:attachment":[{"href":"https:\/\/vakarulanka.lt\/index.php\/wp-json\/wp\/v2\/media?parent=19"}],"curies":[{"name":"wp","href":"https:\/\/api.w.org\/{rel}","templated":true}]}}