{"id":159,"date":"2024-02-24T15:29:17","date_gmt":"2024-02-24T15:29:17","guid":{"rendered":"https:\/\/vakarulanka.lt\/?page_id=159"},"modified":"2024-02-25T17:59:11","modified_gmt":"2024-02-25T17:59:11","slug":"priedai-stogo-ir-sienu-irengimui","status":"publish","type":"page","link":"https:\/\/vakarulanka.lt\/index.php\/priedai-stogo-ir-sienu-irengimui\/","title":{"rendered":"PRIEDAI STOGO IR SIEN\u0172 \u012eRENGIMUI"},"content":{"rendered":"\n<div class=\"wp-block-cover alignfull is-light has-parallax\" style=\"min-height:140px;aspect-ratio:unset;\"><span aria-hidden=\"true\" class=\"wp-block-cover__background has-ast-global-color-0-background-color has-background-dim-0 has-background-dim\"><\/span><div role=\"img\" class=\"wp-block-cover__image-background wp-image-606 has-parallax\" style=\"background-position:50% 50%;background-image:url(https:\/\/vakarulanka.lt\/wp-content\/uploads\/2024\/02\/Untitled_Artwork-3-16.jpg)\"><\/div><div class=\"wp-block-cover__inner-container is-layout-constrained wp-block-cover-is-layout-constrained\"><h2 class=\"wp-block-post-title\">PRIEDAI STOGO IR SIEN\u0172 \u012eRENGIMUI<\/h2><\/div><\/div>\n\n\n\n<div class=\"wp-block-media-text has-media-on-the-right is-stacked-on-mobile\"><div class=\"wp-block-media-text__content\">\n<h2 class=\"wp-block-heading\">PRIEDAI STOGO IR SIEN\u0172 \u012eRENGIMUI<\/h2>\n\n\n\n<p>Renkantis stogo dang\u0105 reikia nepamir\u0161ti ir stogo pried\u0173. Jie leis tvarkingai u\u017edengti ir sandarinti j\u016bs\u0173 stog\u0105. Si\u016blome auk\u0161tos kokyb\u0117s \u012fvairius stog\u0173 priedus:<\/p>\n\n\n\n<ul class=\"wp-block-list\">\n<li>Stogo pl\u0117vel\u0117s;<\/li>\n\n\n\n<li>Sandarinimo juostos;<\/li>\n\n\n\n<li>Sraigtai;<\/li>\n\n\n\n<li>Da\u017eai;<\/li>\n\n\n\n<li>Ventiliaciniai kamin\u0117liai;<\/li>\n\n\n\n<li>Tarpin\u0117s;<\/li>\n\n\n\n<li>Stogo liukai;<\/li>\n\n\n\n<li>Stoglangiai;<\/li>\n\n\n\n<li>U\u017etvaros nuo pauk\u0161\u010di\u0173;<\/li>\n\n\n\n<li>Sniego gaudykl\u0117s;<\/li>\n\n\n\n<li>Ir kiti priedai pagaminti i\u0161 auk\u0161tos kokyb\u0117s med\u017eiag\u0173, padedantys u\u017etikrinti stogo konstrukcijos estetik\u0105 ir ilgaam\u017ei\u0161kum\u0105.<\/li>\n<\/ul>\n\n\n\n<p><strong><em>D\u0117l papildomos informacijos kreiptis nurodytais kontaktais.<\/em><\/strong><\/p>\n\n\n\n<p><\/p>\n<\/div><figure class=\"wp-block-media-text__media\"><img loading=\"lazy\" decoding=\"async\" width=\"546\" height=\"982\" src=\"https:\/\/vakarulanka.lt\/wp-content\/uploads\/2024\/02\/Screenshot-2024-02-25-at-16.53.18.png\" alt=\"\" class=\"wp-image-551 size-full\"\/><\/figure><\/div>\n","protected":false},"excerpt":{"rendered":"","protected":false},"author":1,"featured_media":0,"parent":0,"menu_order":0,"comment_status":"closed","ping_status":"closed","template":"","meta":{"site-sidebar-layout":"default","site-content-layout":"","ast-site-content-layout":"default","site-content-style":"default","site-sidebar-style":"default","ast-global-header-display":"","ast-banner-title-visibility":"","ast-main-header-display":"","ast-hfb-above-header-display":"","ast-hfb-below-header-display":"","ast-hfb-mobile-header-display":"","site-post-title":"disabled","ast-breadcrumbs-content":"","ast-featured-img":"","footer-sml-layout":"","ast-disable-related-posts":"","theme-transparent-header-meta":"","adv-header-id-meta":"","stick-header-meta":"","header-above-stick-meta":"","header-main-stick-meta":"","header-below-stick-meta":"","astra-migrate-meta-layouts":"default","ast-page-background-enabled":"default","ast-page-background-meta":{"desktop":{"background-color":"var(--ast-global-color-4)","background-image":"","background-repeat":"repeat","background-position":"center center","background-size":"auto","background-attachment":"scroll","background-type":"","background-media":"","overlay-type":"","overlay-color":"","overlay-opacity":"","overlay-gradient":""},"tablet":{"background-color":"","background-image":"","background-repeat":"repeat","background-position":"center center","background-size":"auto","background-attachment":"scroll","background-type":"","background-media":"","overlay-type":"","overlay-color":"","overlay-opacity":"","overlay-gradient":""},"mobile":{"background-color":"","background-image":"","background-repeat":"repeat","background-position":"center center","background-size":"auto","background-attachment":"scroll","background-type":"","background-media":"","overlay-type":"","overlay-color":"","overlay-opacity":"","overlay-gradient":""}},"ast-content-background-meta":{"desktop":{"background-color":"var(--ast-global-color-5)","background-image":"","background-repeat":"repeat","background-position":"center center","background-size":"auto","background-attachment":"scroll","background-type":"","background-media":"","overlay-type":"","overlay-color":"","overlay-opacity":"","overlay-gradient":""},"tablet":{"background-color":"var(--ast-global-color-5)","background-image":"","background-repeat":"repeat","background-position":"center center","background-size":"auto","background-attachment":"scroll","background-type":"","background-media":"","overlay-type":"","overlay-color":"","overlay-opacity":"","overlay-gradient":""},"mobile":{"background-color":"var(--ast-global-color-5)","background-image":"","background-repeat":"repeat","background-position":"center center","background-size":"auto","background-attachment":"scroll","background-type":"","background-media":"","overlay-type":"","overlay-color":"","overlay-opacity":"","overlay-gradient":""}},"footnotes":""},"class_list":["post-159","page","type-page","status-publish","hentry"],"yoast_head":"<!-- This site is optimized with the Yoast SEO plugin v22.6 - https:\/\/yoast.com\/wordpress\/plugins\/seo\/ -->\n<title>PRIEDAI STOGO IR SIEN\u0172 \u012eRENGIMUI -<\/title>\n<meta name=\"robots\" content=\"index, follow, max-snippet:-1, max-image-preview:large, max-video-preview:-1\" \/>\n<link rel=\"canonical\" href=\"https:\/\/vakarulanka.lt\/index.php\/priedai-stogo-ir-sienu-irengimui\/\" \/>\n<meta property=\"og:locale\" content=\"en_US\" \/>\n<meta property=\"og:type\" content=\"article\" \/>\n<meta property=\"og:title\" content=\"PRIEDAI STOGO IR SIEN\u0172 \u012eRENGIMUI -\" \/>\n<meta property=\"og:url\" content=\"https:\/\/vakarulanka.lt\/index.php\/priedai-stogo-ir-sienu-irengimui\/\" \/>\n<meta property=\"article:modified_time\" content=\"2024-02-25T17:59:11+00:00\" \/>\n<meta property=\"og:image\" content=\"https:\/\/vakarulanka.lt\/wp-content\/uploads\/2024\/02\/Screenshot-2024-02-25-at-16.53.18.png\" \/>\n<meta name=\"twitter:card\" content=\"summary_large_image\" \/>\n<script type=\"application\/ld+json\" class=\"yoast-schema-graph\">{\"@context\":\"https:\/\/schema.org\",\"@graph\":[{\"@type\":\"WebPage\",\"@id\":\"https:\/\/vakarulanka.lt\/index.php\/priedai-stogo-ir-sienu-irengimui\/\",\"url\":\"https:\/\/vakarulanka.lt\/index.php\/priedai-stogo-ir-sienu-irengimui\/\",\"name\":\"PRIEDAI STOGO IR SIEN\u0172 \u012eRENGIMUI -\",\"isPartOf\":{\"@id\":\"https:\/\/vakarulanka.lt\/#website\"},\"primaryImageOfPage\":{\"@id\":\"https:\/\/vakarulanka.lt\/index.php\/priedai-stogo-ir-sienu-irengimui\/#primaryimage\"},\"image\":{\"@id\":\"https:\/\/vakarulanka.lt\/index.php\/priedai-stogo-ir-sienu-irengimui\/#primaryimage\"},\"thumbnailUrl\":\"https:\/\/vakarulanka.lt\/wp-content\/uploads\/2024\/02\/Screenshot-2024-02-25-at-16.53.18.png\",\"datePublished\":\"2024-02-24T15:29:17+00:00\",\"dateModified\":\"2024-02-25T17:59:11+00:00\",\"breadcrumb\":{\"@id\":\"https:\/\/vakarulanka.lt\/index.php\/priedai-stogo-ir-sienu-irengimui\/#breadcrumb\"},\"inLanguage\":\"en-US\",\"potentialAction\":[{\"@type\":\"ReadAction\",\"target\":[\"https:\/\/vakarulanka.lt\/index.php\/priedai-stogo-ir-sienu-irengimui\/\"]}]},{\"@type\":\"ImageObject\",\"inLanguage\":\"en-US\",\"@id\":\"https:\/\/vakarulanka.lt\/index.php\/priedai-stogo-ir-sienu-irengimui\/#primaryimage\",\"url\":\"https:\/\/vakarulanka.lt\/wp-content\/uploads\/2024\/02\/Screenshot-2024-02-25-at-16.53.18.png\",\"contentUrl\":\"https:\/\/vakarulanka.lt\/wp-content\/uploads\/2024\/02\/Screenshot-2024-02-25-at-16.53.18.png\",\"width\":546,\"height\":982},{\"@type\":\"BreadcrumbList\",\"@id\":\"https:\/\/vakarulanka.lt\/index.php\/priedai-stogo-ir-sienu-irengimui\/#breadcrumb\",\"itemListElement\":[{\"@type\":\"ListItem\",\"position\":1,\"name\":\"Home\",\"item\":\"https:\/\/vakarulanka.lt\/\"},{\"@type\":\"ListItem\",\"position\":2,\"name\":\"PRIEDAI STOGO IR SIEN\u0172 \u012eRENGIMUI\"}]},{\"@type\":\"WebSite\",\"@id\":\"https:\/\/vakarulanka.lt\/#website\",\"url\":\"https:\/\/vakarulanka.lt\/\",\"name\":\"vakarulanka.lt\",\"description\":\"\",\"publisher\":{\"@id\":\"https:\/\/vakarulanka.lt\/#organization\"},\"potentialAction\":[{\"@type\":\"SearchAction\",\"target\":{\"@type\":\"EntryPoint\",\"urlTemplate\":\"https:\/\/vakarulanka.lt\/?s={search_term_string}\"},\"query-input\":\"required name=search_term_string\"}],\"inLanguage\":\"en-US\"},{\"@type\":\"Organization\",\"@id\":\"https:\/\/vakarulanka.lt\/#organization\",\"name\":\"MB Lanka\",\"url\":\"https:\/\/vakarulanka.lt\/\",\"logo\":{\"@type\":\"ImageObject\",\"inLanguage\":\"en-US\",\"@id\":\"https:\/\/vakarulanka.lt\/#\/schema\/logo\/image\/\",\"url\":\"https:\/\/vakarulanka.lt\/wp-content\/uploads\/2024\/02\/lanka-logo-2.png\",\"contentUrl\":\"https:\/\/vakarulanka.lt\/wp-content\/uploads\/2024\/02\/lanka-logo-2.png\",\"width\":865,\"height\":286,\"caption\":\"MB Lanka\"},\"image\":{\"@id\":\"https:\/\/vakarulanka.lt\/#\/schema\/logo\/image\/\"}}]}<\/script>\n<!-- \/ Yoast SEO plugin. -->","yoast_head_json":{"title":"PRIEDAI STOGO IR SIEN\u0172 \u012eRENGIMUI -","robots":{"index":"index","follow":"follow","max-snippet":"max-snippet:-1","max-image-preview":"max-image-preview:large","max-video-preview":"max-video-preview:-1"},"canonical":"https:\/\/vakarulanka.lt\/index.php\/priedai-stogo-ir-sienu-irengimui\/","og_locale":"en_US","og_type":"article","og_title":"PRIEDAI STOGO IR SIEN\u0172 \u012eRENGIMUI -","og_url":"https:\/\/vakarulanka.lt\/index.php\/priedai-stogo-ir-sienu-irengimui\/","article_modified_time":"2024-02-25T17:59:11+00:00","og_image":[{"url":"https:\/\/vakarulanka.lt\/wp-content\/uploads\/2024\/02\/Screenshot-2024-02-25-at-16.53.18.png"}],"twitter_card":"summary_large_image","schema":{"@context":"https:\/\/schema.org","@graph":[{"@type":"WebPage","@id":"https:\/\/vakarulanka.lt\/index.php\/priedai-stogo-ir-sienu-irengimui\/","url":"https:\/\/vakarulanka.lt\/index.php\/priedai-stogo-ir-sienu-irengimui\/","name":"PRIEDAI STOGO IR SIEN\u0172 \u012eRENGIMUI -","isPartOf":{"@id":"https:\/\/vakarulanka.lt\/#website"},"primaryImageOfPage":{"@id":"https:\/\/vakarulanka.lt\/index.php\/priedai-stogo-ir-sienu-irengimui\/#primaryimage"},"image":{"@id":"https:\/\/vakarulanka.lt\/index.php\/priedai-stogo-ir-sienu-irengimui\/#primaryimage"},"thumbnailUrl":"https:\/\/vakarulanka.lt\/wp-content\/uploads\/2024\/02\/Screenshot-2024-02-25-at-16.53.18.png","datePublished":"2024-02-24T15:29:17+00:00","dateModified":"2024-02-25T17:59:11+00:00","breadcrumb":{"@id":"https:\/\/vakarulanka.lt\/index.php\/priedai-stogo-ir-sienu-irengimui\/#breadcrumb"},"inLanguage":"en-US","potentialAction":[{"@type":"ReadAction","target":["https:\/\/vakarulanka.lt\/index.php\/priedai-stogo-ir-sienu-irengimui\/"]}]},{"@type":"ImageObject","inLanguage":"en-US","@id":"https:\/\/vakarulanka.lt\/index.php\/priedai-stogo-ir-sienu-irengimui\/#primaryimage","url":"https:\/\/vakarulanka.lt\/wp-content\/uploads\/2024\/02\/Screenshot-2024-02-25-at-16.53.18.png","contentUrl":"https:\/\/vakarulanka.lt\/wp-content\/uploads\/2024\/02\/Screenshot-2024-02-25-at-16.53.18.png","width":546,"height":982},{"@type":"BreadcrumbList","@id":"https:\/\/vakarulanka.lt\/index.php\/priedai-stogo-ir-sienu-irengimui\/#breadcrumb","itemListElement":[{"@type":"ListItem","position":1,"name":"Home","item":"https:\/\/vakarulanka.lt\/"},{"@type":"ListItem","position":2,"name":"PRIEDAI STOGO IR SIEN\u0172 \u012eRENGIMUI"}]},{"@type":"WebSite","@id":"https:\/\/vakarulanka.lt\/#website","url":"https:\/\/vakarulanka.lt\/","name":"vakarulanka.lt","description":"","publisher":{"@id":"https:\/\/vakarulanka.lt\/#organization"},"potentialAction":[{"@type":"SearchAction","target":{"@type":"EntryPoint","urlTemplate":"https:\/\/vakarulanka.lt\/?s={search_term_string}"},"query-input":"required name=search_term_string"}],"inLanguage":"en-US"},{"@type":"Organization","@id":"https:\/\/vakarulanka.lt\/#organization","name":"MB Lanka","url":"https:\/\/vakarulanka.lt\/","logo":{"@type":"ImageObject","inLanguage":"en-US","@id":"https:\/\/vakarulanka.lt\/#\/schema\/logo\/image\/","url":"https:\/\/vakarulanka.lt\/wp-content\/uploads\/2024\/02\/lanka-logo-2.png","contentUrl":"https:\/\/vakarulanka.lt\/wp-content\/uploads\/2024\/02\/lanka-logo-2.png","width":865,"height":286,"caption":"MB Lanka"},"image":{"@id":"https:\/\/vakarulanka.lt\/#\/schema\/logo\/image\/"}}]}},"_links":{"self":[{"href":"https:\/\/vakarulanka.lt\/index.php\/wp-json\/wp\/v2\/pages\/159","targetHints":{"allow":["GET"]}}],"collection":[{"href":"https:\/\/vakarulanka.lt\/index.php\/wp-json\/wp\/v2\/pages"}],"about":[{"href":"https:\/\/vakarulanka.lt\/index.php\/wp-json\/wp\/v2\/types\/page"}],"author":[{"embeddable":true,"href":"https:\/\/vakarulanka.lt\/index.php\/wp-json\/wp\/v2\/users\/1"}],"replies":[{"embeddable":true,"href":"https:\/\/vakarulanka.lt\/index.php\/wp-json\/wp\/v2\/comments?post=159"}],"version-history":[{"count":4,"href":"https:\/\/vakarulanka.lt\/index.php\/wp-json\/wp\/v2\/pages\/159\/revisions"}],"predecessor-version":[{"id":607,"href":"https:\/\/vakarulanka.lt\/index.php\/wp-json\/wp\/v2\/pages\/159\/revisions\/607"}],"wp:attachment":[{"href":"https:\/\/vakarulanka.lt\/index.php\/wp-json\/wp\/v2\/media?parent=159"}],"curies":[{"name":"wp","href":"https:\/\/api.w.org\/{rel}","templated":true}]}}